{"id":6034,"date":"2025-04-11T11:19:27","date_gmt":"2025-04-11T11:19:27","guid":{"rendered":"https:\/\/kvikmyndasafn.is\/safnid\/starfsmenn\/"},"modified":"2025-05-07T22:58:39","modified_gmt":"2025-05-07T22:58:39","slug":"staff","status":"publish","type":"page","link":"https:\/\/kvikmyndasafn.is\/en\/about-us\/staff\/","title":{"rendered":"Staff"},"content":{"rendered":"<section class=\"bde-section-6034-110 bde-section\" data-entrance=\"fade\">\n              \n  \n  \n\t\n\n  <div class=\"section-background-overlay\"><\/div>\n\n\n<div class=\"section-container\"><h1 class=\"bde-heading-6034-111 bde-heading\">\nOur Staff\n<\/h1><\/div>\n<\/section><section class=\"bde-section-6034-149 bde-section\">\n  \n  \n\t\n\n\n\n<div class=\"section-container\"><div class=\"bde-columns-6034-191 bde-columns\"><div class=\"bde-column-6034-192 bde-column\">\n  \n  \n\t\n\n\n\n<div class=\"bde-text-6034-197 bde-text\">\nBj\u00f6rn \u00de\u00f3r Bj\u00f6rnsson\n<\/div><div class=\"bde-text-6034-200 bde-text\">\nCurator\n<\/div><div class=\"bde-text-6034-201 bde-text\">\nbjorn.th.bjornsson@kvikmyndasafn.is\n<\/div>\n<\/div><div class=\"bde-column-6034-206 bde-column\">\n  \n  \n\t\n\n\n\n<div class=\"bde-text-6034-207 bde-text\">\nEster B\u00edb\u00ed \u00c1sgeirsd\u00f3ttir\n<\/div><div class=\"bde-text-6034-208 bde-text\">\nHead of legal deposits and cinematheque\n<\/div><div class=\"bde-text-6034-209 bde-text\">\nester.b.asgeirsdottir@kvikmyndasafn.is\n<\/div>\n<\/div><div class=\"bde-column-6034-202 bde-column\">\n  \n  \n\t\n\n\n\n<div class=\"bde-text-6034-203 bde-text\">\nGunnar T\u00f3mas Krist\u00f3fersson\n<\/div><div class=\"bde-text-6034-204 bde-text\">\nResearch specialist\n<\/div><div class=\"bde-text-6034-205 bde-text\">\ngunnar.t.kristofersson@kvikmyndasafn.is\n<\/div>\n<\/div><\/div><div class=\"bde-columns-6034-210 bde-columns\"><div class=\"bde-column-6034-211 bde-column\">\n  \n  \n\t\n\n\n\n<div class=\"bde-text-6034-212 bde-text\">\nGunn\u00fe\u00f3ra Halld\u00f3rsd\u00f3ttir\n<\/div><div class=\"bde-text-6034-213 bde-text\">\nHead of collections\n<\/div><div class=\"bde-text-6034-214 bde-text\">\ngunnthora.halldorsdottir@kvikmyndasafn.is\n<\/div>\n<\/div><div class=\"bde-column-6034-219 bde-column\">\n  \n  \n\t\n\n\n\n<div class=\"bde-text-6034-220 bde-text\">\nJ\u00f3n Stef\u00e1nsson\n<\/div><div class=\"bde-text-6034-221 bde-text\">\nHead of restoration and digitization\n<\/div><div class=\"bde-text-6034-222 bde-text\">\n\tjon.stefansson@kvikmyndasafn.is<br>\n<\/div>\n<\/div><div class=\"bde-column-6034-224 bde-column\">\n  \n  \n\t\n\n\n\n<div class=\"bde-text-6034-225 bde-text\">\nKonr\u00e1\u00f0 Gylfason\t\n<\/div><div class=\"bde-text-6034-226 bde-text\">\nDigitization\n<\/div><div class=\"bde-text-6034-227 bde-text\">\nkonrad.gylfason@kvikmyndasafn.is\n<\/div>\n<\/div><\/div><div class=\"bde-columns-6034-223 bde-columns\"><div class=\"bde-column-6034-228 bde-column\">\n  \n  \n\t\n\n\n\n<div class=\"bde-text-6034-229 bde-text\">\nMadison Archer J\u00f3nsd\u00f3ttir\t\n<\/div><div class=\"bde-text-6034-230 bde-text\">\nDigitization\n<\/div><div class=\"bde-text-6034-231 bde-text\">\nmadison.a.jonsdottir@kvikmyndasafn.is\n<\/div>\n<\/div><div class=\"bde-column-6034-232 bde-column\">\n  \n  \n\t\n\n\n\n<div class=\"bde-text-6034-233 bde-text\">\n\u00de\u00f3ra Sigr\u00ed\u00f0ur Ing\u00f3lfsd\u00f3ttir\t\n<\/div><div class=\"bde-text-6034-234 bde-text\">\nDirector\n<\/div><div class=\"bde-text-6034-235 bde-text\">\nthora.s.ingolfsdottir@kvikmyndasafn.is\n<\/div>\n<\/div><\/div><\/div>\n<\/section>","protected":false},"excerpt":{"rendered":"<p>Our Staff Bj\u00f6rn \u00de\u00f3r Bj\u00f6rnsson Curator bjorn.th.bjornsson@kvikmyndasafn.is Ester B\u00edb\u00ed \u00c1sgeirsd\u00f3ttir Head of legal deposits and cinematheque ester.b.asgeirsdottir@kvikmyndasafn.is Gunnar T\u00f3mas Krist\u00f3fersson Research specialist gunnar.t.kristofersson@kvikmyndasafn.is Gunn\u00fe\u00f3ra Halld\u00f3rsd\u00f3ttir Head of collections gunnthora.halldorsdottir@kvikmyndasafn.is J\u00f3n Stef\u00e1nsson Head of restoration and digitization jon.stefansson@kvikmyndasafn.is Konr\u00e1\u00f0 Gylfason Digitization konrad.gylfason@kvikmyndasafn.is Madison Archer J\u00f3nsd\u00f3ttir Digitization madison.a.jonsdottir@kvikmyndasafn.is \u00de\u00f3ra Sigr\u00ed\u00f0ur Ing\u00f3lfsd\u00f3ttir Director thora.s.ingolfsdottir@kvikmyndasafn.is<\/p>\n","protected":false},"author":6,"featured_media":0,"parent":6032,"menu_order":25,"comment_status":"closed","ping_status":"closed","template":"page-breakdance.php","meta":{"_acf_changed":false,"_breakdance_hide_in_design_set":false,"_breakdance_tags":"","footnotes":""},"class_list":["post-6034","page","type-page","status-publish","hentry"],"acf":[],"_links":{"self":[{"href":"https:\/\/kvikmyndasafn.is\/en\/wp-json\/wp\/v2\/pages\/6034","targetHints":{"allow":["GET"]}}],"collection":[{"href":"https:\/\/kvikmyndasafn.is\/en\/wp-json\/wp\/v2\/pages"}],"about":[{"href":"https:\/\/kvikmyndasafn.is\/en\/wp-json\/wp\/v2\/types\/page"}],"author":[{"embeddable":true,"href":"https:\/\/kvikmyndasafn.is\/en\/wp-json\/wp\/v2\/users\/6"}],"replies":[{"embeddable":true,"href":"https:\/\/kvikmyndasafn.is\/en\/wp-json\/wp\/v2\/comments?post=6034"}],"version-history":[{"count":0,"href":"https:\/\/kvikmyndasafn.is\/en\/wp-json\/wp\/v2\/pages\/6034\/revisions"}],"up":[{"embeddable":true,"href":"https:\/\/kvikmyndasafn.is\/en\/wp-json\/wp\/v2\/pages\/6032"}],"wp:attachment":[{"href":"https:\/\/kvikmyndasafn.is\/en\/wp-json\/wp\/v2\/media?parent=6034"}],"curies":[{"name":"wp","href":"https:\/\/api.w.org\/{rel}","templated":true}]}}