{"id":6032,"date":"2025-04-09T09:51:10","date_gmt":"2025-04-09T09:51:10","guid":{"rendered":"https:\/\/kvikmyndasafn.is\/safnid\/"},"modified":"2025-05-07T22:08:11","modified_gmt":"2025-05-07T22:08:11","slug":"about-us","status":"publish","type":"page","link":"https:\/\/kvikmyndasafn.is\/en\/about-us\/","title":{"rendered":"About"},"content":{"rendered":"<section class=\"bde-section-6032-110 bde-section\" data-entrance=\"fade\">\n              \n  \n  \n\t\n\n  <div class=\"section-background-overlay\"><\/div>\n\n\n<div class=\"section-container\"><h1 class=\"bde-heading-6032-111 bde-heading\">\nAbout us\n<\/h1><\/div>\n<\/section><section class=\"bde-section-6032-161 bde-section\">\n  \n  \n\t\n\n\n\n<div class=\"section-container\"><h3 class=\"bde-heading-6032-162 bde-heading\">\nThe National Film Archive of Iceland<br>\n<\/h3><div class=\"bde-rich-text-6032-163 bde-rich-text breakdance-rich-text-styles\">\nThe National Film Archive of Iceland\u2018s legal role is multifaceted. Its primary role is to collect, document, and preserve Icelandic films, oversee the submission of film material following legal deposit regulations, and organize domestic and international cinema screenings. Additionally, the archive is responsible for maintaining and restoring its film collection and providing scholars and professionals with facilities to conduct film-related research.\n<\/div><div class=\"bde-div-6032-164 bde-div\">\n  \n  \n\t\n\n\n\n<div class=\"bde-button-6032-165 bde-button\">\n        \n    \n    \n    \n    \n            \n                    \n            \n            \n\n    \n    \n    \n    \n    \n    <a class=\"breakdance-link button-atom button-atom--primary bde-button__button\" href=\"https:\/\/www.althingi.is\/lagas\/nuna\/2001137.html\" target=\"_self\" data-type=\"url\"  >\n\n    \n        <span class=\"button-atom__text\">Learn more<\/span>\n\n                            \n        \n                <\/a>\n\n    \n\n\n<\/div>\n<\/div><\/div>\n<\/section><section class=\"bde-section-6032-141 bde-section\">\n  \n  \n\t\n\n\n\n<div class=\"section-container\"><div class=\"bde-gallery-6032-142 bde-gallery\">\n\n\n  \n\n\n\n\n\n\n\n  \n\n  <div class=\"ee-gallery-swiper breakdance-swiper-wrapper\" data-swiper-id=\"142\">\n    <div class=\"swiper\">\n\n<div class=\"ee-gallery ee-gallery--gallery-slider ee-gallery--slider ee-gallery--single ee-gallery--none ee-gallery-- ee-gallery--caption- ee-gallery--caption-none ee-gallery--custom swiper-wrapper\">\n                  \n      <div class=\"ee-gallery-item ee-gallery-item--image ee-gallery-item--single swiper-slide\" href=\"https:\/\/kvikmyndasafn.is\/wp-content\/uploads\/2025\/01\/81bcb455-1de9-46c7-b218-af14bc06c38a.jpeg\"  data-sub-html=\"<span><\/span>\" data-category=\"1\"                  data-lg-size=\"1080-793\"\n\n      >\n        <figure class=\"ee-gallery-item-figure\">\n                        <img loading=\"lazy\" decoding=\"async\" class=\"breakdance-image-object\" src=\"https:\/\/kvikmyndasafn.is\/wp-content\/uploads\/2025\/01\/81bcb455-1de9-46c7-b218-af14bc06c38a-1024x752.jpeg\" width=\"680\" height=\"499\" srcset=\"https:\/\/kvikmyndasafn.is\/wp-content\/uploads\/2025\/01\/81bcb455-1de9-46c7-b218-af14bc06c38a.jpeg 1080w, https:\/\/kvikmyndasafn.is\/wp-content\/uploads\/2025\/01\/81bcb455-1de9-46c7-b218-af14bc06c38a-300x220.jpeg 300w, https:\/\/kvikmyndasafn.is\/wp-content\/uploads\/2025\/01\/81bcb455-1de9-46c7-b218-af14bc06c38a-1024x752.jpeg 1024w, https:\/\/kvikmyndasafn.is\/wp-content\/uploads\/2025\/01\/81bcb455-1de9-46c7-b218-af14bc06c38a-768x564.jpeg 768w, https:\/\/kvikmyndasafn.is\/wp-content\/uploads\/2025\/01\/81bcb455-1de9-46c7-b218-af14bc06c38a-800x587.jpeg 800w\" sizes=\"auto, (max-width: 1080px) 100vw, 1080px\">\n          \n                  <\/figure>\n      <\/div>\n\n                \n      <div class=\"ee-gallery-item ee-gallery-item--image ee-gallery-item--single swiper-slide\" href=\"https:\/\/kvikmyndasafn.is\/wp-content\/uploads\/2024\/01\/3f1a7958-03a7-4c40-9dbd-77e0771c3ba4.png\"  data-sub-html=\"<span><\/span>\" data-category=\"1\"                  data-lg-size=\"1080-829\"\n\n      >\n        <figure class=\"ee-gallery-item-figure\">\n                        <img loading=\"lazy\" decoding=\"async\" class=\"breakdance-image-object\" src=\"https:\/\/kvikmyndasafn.is\/wp-content\/uploads\/2024\/01\/3f1a7958-03a7-4c40-9dbd-77e0771c3ba4-1024x786.png\" width=\"680\" height=\"522\" srcset=\"https:\/\/kvikmyndasafn.is\/wp-content\/uploads\/2024\/01\/3f1a7958-03a7-4c40-9dbd-77e0771c3ba4.png 1080w, https:\/\/kvikmyndasafn.is\/wp-content\/uploads\/2024\/01\/3f1a7958-03a7-4c40-9dbd-77e0771c3ba4-300x230.png 300w, https:\/\/kvikmyndasafn.is\/wp-content\/uploads\/2024\/01\/3f1a7958-03a7-4c40-9dbd-77e0771c3ba4-1024x786.png 1024w, https:\/\/kvikmyndasafn.is\/wp-content\/uploads\/2024\/01\/3f1a7958-03a7-4c40-9dbd-77e0771c3ba4-768x590.png 768w, https:\/\/kvikmyndasafn.is\/wp-content\/uploads\/2024\/01\/3f1a7958-03a7-4c40-9dbd-77e0771c3ba4-800x614.png 800w\" sizes=\"auto, (max-width: 1080px) 100vw, 1080px\">\n          \n                  <\/figure>\n      <\/div>\n\n                \n      <div class=\"ee-gallery-item ee-gallery-item--image ee-gallery-item--single swiper-slide\" href=\"https:\/\/kvikmyndasafn.is\/wp-content\/uploads\/2023\/02\/Screenshot-2023-08-15-at-14.19.38.png\"  data-sub-html=\"<span><\/span>\" data-category=\"1\"                  data-lg-size=\"1372-1072\"\n\n      >\n        <figure class=\"ee-gallery-item-figure\">\n                        <img loading=\"lazy\" decoding=\"async\" class=\"breakdance-image-object\" src=\"https:\/\/kvikmyndasafn.is\/wp-content\/uploads\/2023\/02\/Screenshot-2023-08-15-at-14.19.38-1024x800.png\" width=\"680\" height=\"531\" srcset=\"https:\/\/kvikmyndasafn.is\/wp-content\/uploads\/2023\/02\/Screenshot-2023-08-15-at-14.19.38.png 1372w, https:\/\/kvikmyndasafn.is\/wp-content\/uploads\/2023\/02\/Screenshot-2023-08-15-at-14.19.38-300x234.png 300w, https:\/\/kvikmyndasafn.is\/wp-content\/uploads\/2023\/02\/Screenshot-2023-08-15-at-14.19.38-1024x800.png 1024w, https:\/\/kvikmyndasafn.is\/wp-content\/uploads\/2023\/02\/Screenshot-2023-08-15-at-14.19.38-768x600.png 768w, https:\/\/kvikmyndasafn.is\/wp-content\/uploads\/2023\/02\/Screenshot-2023-08-15-at-14.19.38-800x625.png 800w\" sizes=\"auto, (max-width: 1372px) 100vw, 1372px\">\n          \n                  <\/figure>\n      <\/div>\n\n                \n      <div class=\"ee-gallery-item ee-gallery-item--image ee-gallery-item--single swiper-slide\" href=\"https:\/\/kvikmyndasafn.is\/wp-content\/uploads\/2023\/02\/Screenshot-2023-08-15-at-14.18.43.png\"  data-sub-html=\"<span><\/span>\" data-category=\"1\"                  data-lg-size=\"1262-962\"\n\n      >\n        <figure class=\"ee-gallery-item-figure\">\n                        <img loading=\"lazy\" decoding=\"async\" class=\"breakdance-image-object\" src=\"https:\/\/kvikmyndasafn.is\/wp-content\/uploads\/2023\/02\/Screenshot-2023-08-15-at-14.18.43-1024x781.png\" width=\"680\" height=\"519\" srcset=\"https:\/\/kvikmyndasafn.is\/wp-content\/uploads\/2023\/02\/Screenshot-2023-08-15-at-14.18.43.png 1262w, https:\/\/kvikmyndasafn.is\/wp-content\/uploads\/2023\/02\/Screenshot-2023-08-15-at-14.18.43-300x229.png 300w, https:\/\/kvikmyndasafn.is\/wp-content\/uploads\/2023\/02\/Screenshot-2023-08-15-at-14.18.43-1024x781.png 1024w, https:\/\/kvikmyndasafn.is\/wp-content\/uploads\/2023\/02\/Screenshot-2023-08-15-at-14.18.43-768x585.png 768w, https:\/\/kvikmyndasafn.is\/wp-content\/uploads\/2023\/02\/Screenshot-2023-08-15-at-14.18.43-800x610.png 800w\" sizes=\"auto, (max-width: 1262px) 100vw, 1262px\" alt=\"100 \u00e1r \u00ed Vesturheimi: \u00c1 fer\u00f0 um Bandar\u00edkin, nautab\u00fagar\u00f0ur Vestur-\u00cdslendinga\">\n          \n                  <\/figure>\n      <\/div>\n\n                \n      <div class=\"ee-gallery-item ee-gallery-item--image ee-gallery-item--single swiper-slide\" href=\"https:\/\/kvikmyndasafn.is\/wp-content\/uploads\/2023\/02\/Screenshot-2023-08-15-at-14.19.47.png\"  data-sub-html=\"<span><\/span>\" data-category=\"1\"                  data-lg-size=\"1156-988\"\n\n      >\n        <figure class=\"ee-gallery-item-figure\">\n                        <img loading=\"lazy\" decoding=\"async\" class=\"breakdance-image-object\" src=\"https:\/\/kvikmyndasafn.is\/wp-content\/uploads\/2023\/02\/Screenshot-2023-08-15-at-14.19.47-1024x875.png\" width=\"680\" height=\"581\" srcset=\"https:\/\/kvikmyndasafn.is\/wp-content\/uploads\/2023\/02\/Screenshot-2023-08-15-at-14.19.47.png 1156w, https:\/\/kvikmyndasafn.is\/wp-content\/uploads\/2023\/02\/Screenshot-2023-08-15-at-14.19.47-300x256.png 300w, https:\/\/kvikmyndasafn.is\/wp-content\/uploads\/2023\/02\/Screenshot-2023-08-15-at-14.19.47-1024x875.png 1024w, https:\/\/kvikmyndasafn.is\/wp-content\/uploads\/2023\/02\/Screenshot-2023-08-15-at-14.19.47-768x656.png 768w, https:\/\/kvikmyndasafn.is\/wp-content\/uploads\/2023\/02\/Screenshot-2023-08-15-at-14.19.47-800x684.png 800w\" sizes=\"auto, (max-width: 1156px) 100vw, 1156px\">\n          \n                  <\/figure>\n      <\/div>\n\n                \n      <div class=\"ee-gallery-item ee-gallery-item--image ee-gallery-item--single swiper-slide\" href=\"https:\/\/kvikmyndasafn.is\/wp-content\/uploads\/2023\/02\/Screenshot-2023-08-15-at-14.19.27.png\"  data-sub-html=\"<span><\/span>\" data-category=\"1\"                  data-lg-size=\"1256-874\"\n\n      >\n        <figure class=\"ee-gallery-item-figure\">\n                        <img loading=\"lazy\" decoding=\"async\" class=\"breakdance-image-object\" src=\"https:\/\/kvikmyndasafn.is\/wp-content\/uploads\/2023\/02\/Screenshot-2023-08-15-at-14.19.27-1024x713.png\" width=\"680\" height=\"473\" srcset=\"https:\/\/kvikmyndasafn.is\/wp-content\/uploads\/2023\/02\/Screenshot-2023-08-15-at-14.19.27.png 1256w, https:\/\/kvikmyndasafn.is\/wp-content\/uploads\/2023\/02\/Screenshot-2023-08-15-at-14.19.27-300x209.png 300w, https:\/\/kvikmyndasafn.is\/wp-content\/uploads\/2023\/02\/Screenshot-2023-08-15-at-14.19.27-1024x713.png 1024w, https:\/\/kvikmyndasafn.is\/wp-content\/uploads\/2023\/02\/Screenshot-2023-08-15-at-14.19.27-768x534.png 768w, https:\/\/kvikmyndasafn.is\/wp-content\/uploads\/2023\/02\/Screenshot-2023-08-15-at-14.19.27-800x557.png 800w\" sizes=\"auto, (max-width: 1256px) 100vw, 1256px\">\n          \n                  <\/figure>\n      <\/div>\n\n                \n      <div class=\"ee-gallery-item ee-gallery-item--image ee-gallery-item--single swiper-slide\" href=\"https:\/\/kvikmyndasafn.is\/wp-content\/uploads\/2023\/02\/Screenshot-2023-08-15-at-14.19.16.png\"  data-sub-html=\"<span><\/span>\" data-category=\"1\"                  data-lg-size=\"1304-978\"\n\n      >\n        <figure class=\"ee-gallery-item-figure\">\n                        <img loading=\"lazy\" decoding=\"async\" class=\"breakdance-image-object\" src=\"https:\/\/kvikmyndasafn.is\/wp-content\/uploads\/2023\/02\/Screenshot-2023-08-15-at-14.19.16-1024x768.png\" width=\"680\" height=\"510\" srcset=\"https:\/\/kvikmyndasafn.is\/wp-content\/uploads\/2023\/02\/Screenshot-2023-08-15-at-14.19.16.png 1304w, https:\/\/kvikmyndasafn.is\/wp-content\/uploads\/2023\/02\/Screenshot-2023-08-15-at-14.19.16-300x225.png 300w, https:\/\/kvikmyndasafn.is\/wp-content\/uploads\/2023\/02\/Screenshot-2023-08-15-at-14.19.16-1024x768.png 1024w, https:\/\/kvikmyndasafn.is\/wp-content\/uploads\/2023\/02\/Screenshot-2023-08-15-at-14.19.16-768x576.png 768w, https:\/\/kvikmyndasafn.is\/wp-content\/uploads\/2023\/02\/Screenshot-2023-08-15-at-14.19.16-800x600.png 800w\" sizes=\"auto, (max-width: 1304px) 100vw, 1304px\">\n          \n                  <\/figure>\n      <\/div>\n\n      \n  <\/div>\n\n    <\/div>\n        \n    \n  <\/div>\n\n\n<\/div><\/div>\n<\/section><section class=\"bde-section-6032-104 bde-section\">\n  \n  \n\t\n\n\n\n<div class=\"section-container\"><div class=\"bde-columns-6032-166 bde-columns\"><div class=\"bde-column-6032-167 bde-column\">\n  \n  \n\t\n\n\n\n<h3 class=\"bde-heading-6032-169 bde-heading\">\nMandatory Film Deposits<br>\n<\/h3><div class=\"bde-rich-text-6032-108 bde-rich-text breakdance-rich-text-styles\">\nThe National Film Archive of Iceland is one of three national preservation archives in Iceland. One of its primary roles is safeguarding Iceland\u2019s cinematic heritage and overseeing the submission of film materials. The organization collects, documents, and preserves Icelandic films, co-productions between Icelandic and foreign entities, and foreign films shot in Iceland.\n\nAny film released for screening in cinemas, on television, on physical media (such as discs), or online must be submitted to The National Film Archive of Iceland for preservation as soon as possible after production is completed.\n\n<\/div><div class=\"bde-button-6032-176 bde-button\">\n        \n    \n    \n    \n    \n            \n                    \n            \n            \n\n    \n    \n    \n    \n    \n    <a class=\"breakdance-link button-atom button-atom--primary bde-button__button\" href=\"https:\/\/www.althingi.is\/lagas\/nuna\/2002020.html\" target=\"_self\" data-type=\"url\"  >\n\n    \n        <span class=\"button-atom__text\">See laws<\/span>\n\n                            \n        \n                <\/a>\n\n    \n\n\n<\/div>\n<\/div><div class=\"bde-column-6032-168 bde-column\">\n  \n  \n\t\n\n\n\n<h3 class=\"bde-heading-6032-148 bde-heading\">\nSubmission of Other Materials<br>\n<\/h3><div class=\"bde-rich-text-6032-170 bde-rich-text breakdance-rich-text-styles\">\n<p>The National Film Archive of Iceland may sometimes accept film materials that are not legally required to be submitted, provided they have historical or cultural significance and contain Icelandic references. The archive only accepts materials for permanent preservation and does not store content on behalf of individuals or institutions.<\/p><p>If you wish to donate materials for permanent preservation, you should submit a request to the archive. Each request will be reviewed, and a response will be provided soon.<\/p>\n<\/div>\n<\/div><\/div><\/div>\n<\/section><section class=\"bde-section-6032-112 bde-section\">\n  \n  \n\t\n\n\n\n<div class=\"section-container\"><div class=\"bde-columns-6032-113 bde-columns\"><div class=\"bde-column-6032-114 bde-column\">\n  \n  \n\t\n\n\n\n<h1 class=\"bde-heading-6032-186 bde-heading\">\nLaws and Regulations \n<\/h1><div class=\"bde-rich-text-6032-116 bde-rich-text breakdance-rich-text-styles\">\nHere are the laws and regulations that govern the National Film Archive of Iceland\u2018s operations. Click on the links for more details. (Only in Icelandic)\n<\/div><div class=\"bde-button-6032-117 bde-button\">\n        \n    \n    \n    \n    \n            \n                    \n            \n            \n\n    \n    \n    \n    \n    \n    <a class=\"breakdance-link button-atom button-atom--custom bde-button__button\" href=\"https:\/\/www.althingi.is\/lagas\/nuna\/2001137.html\" target=\"_self\" data-type=\"url\"  >\n\n    \n        <span class=\"button-atom__text\">Kvikmyndal\u00f6g: 2001 nr. 137 21. desember<\/span>\n\n                            \n        \n                <\/a>\n\n    \n\n\n<\/div><div class=\"bde-button-6032-179 bde-button\">\n        \n    \n    \n    \n    \n            \n                    \n            \n            \n\n    \n    \n    \n    \n    \n    <a class=\"breakdance-link button-atom button-atom--custom bde-button__button\" href=\"https:\/\/www.althingi.is\/lagas\/nuna\/2002020.html\" target=\"_self\" data-type=\"url\"  >\n\n    \n        <span class=\"button-atom__text\">L\u00f6g um skylduskil til safna: 2002 nr. 20 20. mars<\/span>\n\n                            \n        \n                <\/a>\n\n    \n\n\n<\/div><div class=\"bde-button-6032-181 bde-button\">\n        \n    \n    \n    \n    \n            \n                    \n            \n            \n\n    \n    \n    \n    \n    \n    <a class=\"breakdance-link button-atom button-atom--custom bde-button__button\" href=\"https:\/\/www.reglugerd.is\/reglugerdir\/allar\/nr\/982-2003\" target=\"_self\" data-type=\"url\"  >\n\n    \n        <span class=\"button-atom__text\">Regluger\u00f0 um skylduskil til safna<\/span>\n\n                            \n        \n                <\/a>\n\n    \n\n\n<\/div><div class=\"bde-button-6032-182 bde-button\">\n        \n    \n    \n    \n    \n            \n                    \n            \n            \n\n    \n    \n    \n    \n    \n    <a class=\"breakdance-link button-atom button-atom--custom bde-button__button\" href=\"https:\/\/www.reglugerd.is\/reglugerdir\/eftir-raduneytum\/mennta--og-menningarmalaraduneyti\/nr\/19618\" target=\"_self\" data-type=\"url\"  >\n\n    \n        <span class=\"button-atom__text\">Regluger\u00f0 um Kvikmyndasafn<\/span>\n\n                            \n        \n                <\/a>\n\n    \n\n\n<\/div><div class=\"bde-button-6032-180 bde-button\">\n        \n    \n    \n    \n    \n            \n                    \n            \n            \n\n    \n    \n    \n    \n    \n    <a class=\"breakdance-link button-atom button-atom--custom bde-button__button\" href=\"https:\/\/www.althingi.is\/lagas\/nuna\/2011141.html\" target=\"_self\" data-type=\"url\"  >\n\n    \n        <span class=\"button-atom__text\">Safnal\u00f6g<\/span>\n\n                            \n        \n                <\/a>\n\n    \n\n\n<\/div><div class=\"bde-button-6032-183 bde-button\">\n        \n    \n    \n    \n    \n            \n                    \n            \n            \n\n    \n    \n    \n    \n    \n    <a class=\"breakdance-link button-atom button-atom--custom bde-button__button\" href=\"https:\/\/icom.is\/sidareglur\/\" target=\"_self\" data-type=\"url\"  >\n\n    \n        <span class=\"button-atom__text\">Si\u00f0areglur ICOM<\/span>\n\n                            \n        \n                <\/a>\n\n    \n\n\n<\/div><div class=\"bde-button-6032-178 bde-button\">\n        \n    \n    \n    \n    \n            \n                    \n            \n            \n\n    \n    \n    \n    \n    \n    <a class=\"breakdance-link button-atom button-atom--custom bde-button__button\" href=\"https:\/\/www.fiafnet.org\/pages\/Community\/Code-Of-Ethics.html\" target=\"_self\" data-type=\"url\"  >\n\n    \n        <span class=\"button-atom__text\">Si\u00f0areglur FIAF<\/span>\n\n                            \n        \n                <\/a>\n\n    \n\n\n<\/div><div class=\"bde-button-6032-184 bde-button\">\n        \n    \n    \n    \n    \n            \n                    \n            \n            \n\n    \n    \n    \n    \n    \n    <a class=\"breakdance-link button-atom button-atom--custom bde-button__button\" href=\"https:\/\/kvikmyndasafn.is\/yfirlysing-fiaf-um-sanngjarna-notkun-og-adgengi\/\" target=\"_self\" data-type=\"url\"  >\n\n    \n        <span class=\"button-atom__text\">Yfirl\u00fdsing FIAF<\/span>\n\n                            \n        \n                <\/a>\n\n    \n\n\n<\/div>\n<\/div><div class=\"bde-column-6032-118 bde-column\">\n  \n  \n\t\n\n\n\n\n<\/div><\/div><\/div>\n<\/section>","protected":false},"excerpt":{"rendered":"<p>About us The National Film Archive of Iceland The National Film Archive of Iceland\u2018s legal role is multifaceted. Its primary role is to collect, document, and preserve Icelandic films, oversee the submission of film material following legal deposit regulations, and organize domestic and international cinema screenings. Additionally, the archive is responsible for maintaining and restoring [&hellip;]<\/p>\n","protected":false},"author":6,"featured_media":0,"parent":0,"menu_order":21,"comment_status":"closed","ping_status":"closed","template":"page-breakdance.php","meta":{"_acf_changed":false,"_breakdance_hide_in_design_set":false,"_breakdance_tags":"","footnotes":""},"class_list":["post-6032","page","type-page","status-publish","hentry"],"acf":[],"_links":{"self":[{"href":"https:\/\/kvikmyndasafn.is\/en\/wp-json\/wp\/v2\/pages\/6032","targetHints":{"allow":["GET"]}}],"collection":[{"href":"https:\/\/kvikmyndasafn.is\/en\/wp-json\/wp\/v2\/pages"}],"about":[{"href":"https:\/\/kvikmyndasafn.is\/en\/wp-json\/wp\/v2\/types\/page"}],"author":[{"embeddable":true,"href":"https:\/\/kvikmyndasafn.is\/en\/wp-json\/wp\/v2\/users\/6"}],"replies":[{"embeddable":true,"href":"https:\/\/kvikmyndasafn.is\/en\/wp-json\/wp\/v2\/comments?post=6032"}],"version-history":[{"count":0,"href":"https:\/\/kvikmyndasafn.is\/en\/wp-json\/wp\/v2\/pages\/6032\/revisions"}],"wp:attachment":[{"href":"https:\/\/kvikmyndasafn.is\/en\/wp-json\/wp\/v2\/media?parent=6032"}],"curies":[{"name":"wp","href":"https:\/\/api.w.org\/{rel}","templated":true}]}}